{"id":5332,"date":"2018-11-27T13:12:21","date_gmt":"2018-11-27T16:12:21","guid":{"rendered":"http:\/\/premiosindigo.cl\/2018\/?page_id=5332"},"modified":"2020-08-20T16:45:33","modified_gmt":"2020-08-20T20:45:33","slug":"principal-chv","status":"publish","type":"page","link":"https:\/\/premiosindigo.cl\/2018\/","title":{"rendered":"Principal (chv)"},"content":{"rendered":"<p>[vc_row iron_row_type=\u00bbfull_width\u00bb iron_remove_padding_medium=\u00bb\u00bb iron_remove_padding_small=\u00bb\u00bb iron_overlay_pattern=\u00bb\u00bb iron_parallax=\u00bb\u00bb iron_bg_video=\u00bb\u00bb iron_bg_video_poster=\u00bb9&#8243; css=\u00bb.vc_custom_1538416929303{padding-top: 25vh !important;padding-bottom: 30vh !important;background-image: url(https:\/\/premiosindigo.cl\/2018\/wp-content\/uploads\/2018\/09\/fondo-principal-4.jpg?id=4867) !important;}\u00bb el_class=\u00bbbg-align-right\u00bb][vc_column width=\u00bb1\/4&#8243;][\/vc_column][vc_column width=\u00bb1\/2&#8243;]\t<div class=\"dividerwrap\" style=\"padding-top:px; padding-bottom:px;\">\r\n\t\t<div class=\"imagedivider center\">\r\n\t\t<img src=\"https:\/\/premiosindigo.cl\/2018\/wp-content\/uploads\/2018\/09\/icon_divider-blanco.png\" class=\"imagedividerpic\" alt=\"divider\">\r\n\t\t<\/div>\r\n\t\t<div class=\"clear\"><\/div>\r\n\t<\/div>[vc_custom_heading text=\u00bb\u00cdNDIGO, los premios de la M\u00fasica Independiente de Chile son organizados por IMICHILE y los principales medios digitales relacionados con la m\u00fasica y buscan fomentar la creaci\u00f3n, la diversidad y la calidad art\u00edstica de las producciones independientes nacionales, promover la profesionalizaci\u00f3n de la industria, acercando la m\u00fasica y el proceso de producci\u00f3n al p\u00fablico.<br \/>\nSu primera edici\u00f3n se celebr\u00f3 el 26 de noviembre del 2018.\u00bb font_container=\u00bbtag:h3|font_size:18px|text_align:center|color:%23ffffff\u00bb google_fonts=\u00bbfont_family:Lato%3A100%2C100italic%2C300%2C300italic%2Cregular%2Citalic%2C700%2C700italic%2C900%2C900italic|font_style:400%20regular%3A400%3Anormal\u00bb css_animation=\u00bbleft-to-right\u00bb fit_bg_text=\u00bb0&#8243; el_class=\u00bb.costumespacing0&#8243; css=\u00bb.vc_custom_1543333725393{margin-bottom: -20px !important;}\u00bb][vc_empty_space height=\u00bb50px\u00bb]\t<div class=\"dividerwrap\" style=\"padding-top:px; padding-bottom:px;\">\r\n\t\t<div class=\"imagedivider center\">\r\n\t\t<img src=\"https:\/\/premiosindigo.cl\/2018\/wp-content\/uploads\/2018\/09\/divider_bottom-blanco.jpg\" class=\"imagedividerpic\" alt=\"divider\">\r\n\t\t<\/div>\r\n\t\t<div class=\"clear\"><\/div>\r\n\t<\/div>[\/vc_column][vc_column width=\u00bb1\/4&#8243;][\/vc_column][\/vc_row][vc_row content_placement=\u00bbmiddle\u00bb iron_row_type=\u00bbfull_width\u00bb iron_remove_padding_medium=\u00bb\u00bb iron_remove_padding_small=\u00bb\u00bb iron_overlay_pattern=\u00bb\u00bb iron_parallax=\u00bbparallax\u00bb iron_bg_video=\u00bb\u00bb css=\u00bb.vc_custom_1538416832664{padding-top: 19vh !important;padding-bottom: 49vh !important;background-image: url(https:\/\/premiosindigo.cl\/2018\/wp-content\/uploads\/2018\/09\/categorias-fondo.jpg?id=4955) !important;}\u00bb iron_id=\u00bbcategorias\u00bb][vc_column]\t<div class=\"dividerwrap\" style=\"padding-top:px; padding-bottom:px;\">\r\n\t\t<div class=\"imagedivider center\">\r\n\t\t<img src=\"https:\/\/premiosindigo.cl\/2018\/wp-content\/uploads\/2018\/09\/icon_divider-blanco.png\" class=\"imagedividerpic\" alt=\"divider\">\r\n\t\t<\/div>\r\n\t\t<div class=\"clear\"><\/div>\r\n\t<\/div>[vc_custom_heading text=\u00bbGANADORES POR\u00bb font_container=\u00bbtag:h3|font_size:22px|text_align:center|color:%23ffffff\u00bb google_fonts=\u00bbfont_family:Lato%3A100%2C100italic%2C300%2C300italic%2Cregular%2Citalic%2C700%2C700italic%2C900%2C900italic|font_style:400%20regular%3A400%3Anormal\u00bb fit_bg_text=\u00bb0&#8243; css=\u00bb.vc_custom_1543333657187{margin-bottom: -20px !important;}\u00bb el_class=\u00bb.costumespacing0&#8243;][vc_custom_heading text=\u00bbC A T E G O R \u00cd A\u00bb font_container=\u00bbtag:h3|font_size:42px|text_align:center|color:%23ffffff|line_height:47px\u00bb google_fonts=\u00bbfont_family:Lato%3A100%2C100italic%2C300%2C300italic%2Cregular%2Citalic%2C700%2C700italic%2C900%2C900italic|font_style:400%20regular%3A400%3Anormal\u00bb fit_bg_text=\u00bb0&#8243; css=\u00bb.vc_custom_1542899288528{margin-bottom: -20px !important;}\u00bb el_class=\u00bb.costumespacing0&#8243;][vc_empty_space height=\u00bb50px\u00bb]\t<div class=\"dividerwrap\" style=\"padding-top:px; padding-bottom:px;\">\r\n\t\t<div class=\"imagedivider center\">\r\n\t\t<img src=\"https:\/\/premiosindigo.cl\/2018\/wp-content\/uploads\/2018\/09\/divider_bottom-blanco.jpg\" class=\"imagedividerpic\" alt=\"divider\">\r\n\t\t<\/div>\r\n\t\t<div class=\"clear\"><\/div>\r\n\t<\/div>[vc_empty_space height=\u00bb15px\u00bb][vc_row_inner iron_bg_video=\u00bb\u00bb][vc_column_inner width=\u00bb1\/4&#8243;][vc_hoverbox image=\u00bb4964&#8243; primary_title=\u00bb\u00c1lbum Independiente del a\u00f1o\u00bb primary_title_font_container=\u00bbfont_size:24|color:%23ffffff|line_height:1&#8243; primary_title_google_fonts=\u00bbfont_family:Lato%3A100%2C100italic%2C300%2C300italic%2Cregular%2Citalic%2C700%2C700italic%2C900%2C900italic|font_style:400%20regular%3A400%3Anormal\u00bb hover_title=\u00bb\u00c1lbum Independiente del a\u00f1o\u00bb hover_title_font_container=\u00bbfont_size:24|color:%23ffffff|line_height:1&#8243; hover_title_google_fonts=\u00bbfont_family:Lato%3A100%2C100italic%2C300%2C300italic%2Cregular%2Citalic%2C700%2C700italic%2C900%2C900italic|font_style:400%20regular%3A400%3Anormal\u00bb shape=\u00bbsquare\u00bb hover_background_color=\u00bbcustom\u00bb el_width=\u00bb90&#8243; hover_btn_title=\u00bbVER GANADOR\u00bb hover_btn_align=\u00bbcenter\u00bb use_custom_fonts_primary_title=\u00bbtrue\u00bb use_custom_fonts_hover_title=\u00bbtrue\u00bb hover_add_button=\u00bbtrue\u00bb hover_custom_background=\u00bbrgba(255,0,255,0.75)\u00bb hover_btn_link=\u00bburl:https%3A%2F%2Fpremiosindigo.cl%2F2018%2Falbum-independiente-del-ano%2F|||\u00bb][\/vc_hoverbox][vc_empty_space][\/vc_column_inner][vc_column_inner width=\u00bb1\/4&#8243;][vc_hoverbox image=\u00bb5069&#8243; primary_title=\u00bbCanci\u00f3n Independiente del a\u00f1o\u00bb primary_title_font_container=\u00bbfont_size:24|color:%23ffffff|line_height:1&#8243; primary_title_google_fonts=\u00bbfont_family:Lato%3A100%2C100italic%2C300%2C300italic%2Cregular%2Citalic%2C700%2C700italic%2C900%2C900italic|font_style:400%20regular%3A400%3Anormal\u00bb hover_title=\u00bbCanci\u00f3n Independiente del a\u00f1o\u00bb hover_title_font_container=\u00bbfont_size:24|color:%23ffffff|line_height:1&#8243; hover_title_google_fonts=\u00bbfont_family:Lato%3A100%2C100italic%2C300%2C300italic%2Cregular%2Citalic%2C700%2C700italic%2C900%2C900italic|font_style:400%20regular%3A400%3Anormal\u00bb shape=\u00bbsquare\u00bb hover_background_color=\u00bbcustom\u00bb el_width=\u00bb90&#8243; hover_btn_title=\u00bbVER GANADOR\u00bb hover_btn_align=\u00bbcenter\u00bb use_custom_fonts_primary_title=\u00bbtrue\u00bb use_custom_fonts_hover_title=\u00bbtrue\u00bb hover_add_button=\u00bbtrue\u00bb hover_custom_background=\u00bbrgba(255,0,255,0.75)\u00bb hover_btn_link=\u00bburl:https%3A%2F%2Fpremiosindigo.cl%2F2018%2Fcancion-independiente-del-ano%2F|||\u00bb][\/vc_hoverbox][vc_empty_space][\/vc_column_inner][vc_column_inner width=\u00bb1\/4&#8243;][vc_hoverbox image=\u00bb5070&#8243; primary_title=\u00bbMejor Artista Independiente\u00bb primary_title_font_container=\u00bbfont_size:24|color:%23ffffff|line_height:1&#8243; primary_title_google_fonts=\u00bbfont_family:Lato%3A100%2C100italic%2C300%2C300italic%2Cregular%2Citalic%2C700%2C700italic%2C900%2C900italic|font_style:400%20regular%3A400%3Anormal\u00bb hover_title=\u00bbMejor Artista Independiente\u00bb hover_title_font_container=\u00bbfont_size:24|color:%23ffffff|line_height:1&#8243; hover_title_google_fonts=\u00bbfont_family:Lato%3A100%2C100italic%2C300%2C300italic%2Cregular%2Citalic%2C700%2C700italic%2C900%2C900italic|font_style:400%20regular%3A400%3Anormal\u00bb shape=\u00bbsquare\u00bb hover_background_color=\u00bbcustom\u00bb el_width=\u00bb90&#8243; hover_btn_title=\u00bbVER GANADOR\u00bb hover_btn_align=\u00bbcenter\u00bb use_custom_fonts_primary_title=\u00bbtrue\u00bb use_custom_fonts_hover_title=\u00bbtrue\u00bb hover_add_button=\u00bbtrue\u00bb hover_custom_background=\u00bbrgba(255,0,255,0.75)\u00bb hover_btn_link=\u00bburl:https%3A%2F%2Fpremiosindigo.cl%2F2018%2Fmejor-artista-independiente%2F|||\u00bb][\/vc_hoverbox][vc_empty_space][\/vc_column_inner][vc_column_inner width=\u00bb1\/4&#8243;][vc_hoverbox image=\u00bb4963&#8243; primary_title=\u00bbMejor Artista Revelaci\u00f3n\u00bb primary_title_font_container=\u00bbfont_size:24|color:%23ffffff|line_height:1&#8243; primary_title_google_fonts=\u00bbfont_family:Lato%3A100%2C100italic%2C300%2C300italic%2Cregular%2Citalic%2C700%2C700italic%2C900%2C900italic|font_style:400%20regular%3A400%3Anormal\u00bb hover_title=\u00bbMejor Artista Revelaci\u00f3n\u00bb hover_title_font_container=\u00bbfont_size:24|color:%23ffffff|line_height:1&#8243; hover_title_google_fonts=\u00bbfont_family:Lato%3A100%2C100italic%2C300%2C300italic%2Cregular%2Citalic%2C700%2C700italic%2C900%2C900italic|font_style:400%20regular%3A400%3Anormal\u00bb shape=\u00bbsquare\u00bb hover_background_color=\u00bbcustom\u00bb el_width=\u00bb90&#8243; hover_btn_title=\u00bbVER GANADOR\u00bb hover_btn_align=\u00bbcenter\u00bb use_custom_fonts_primary_title=\u00bbtrue\u00bb use_custom_fonts_hover_title=\u00bbtrue\u00bb hover_add_button=\u00bbtrue\u00bb hover_custom_background=\u00bbrgba(255,0,255,0.75)\u00bb hover_btn_link=\u00bburl:https%3A%2F%2Fpremiosindigo.cl%2F2018%2Fmejor-artista-revelacion%2F|||\u00bb][\/vc_hoverbox][vc_empty_space][\/vc_column_inner][\/vc_row_inner][vc_row_inner iron_bg_video=\u00bb\u00bb][vc_column_inner width=\u00bb1\/4&#8243;][vc_hoverbox image=\u00bb4972&#8243; primary_title=\u00bbMejor Show en Vivo\u00bb primary_title_font_container=\u00bbfont_size:24|color:%23ffffff|line_height:1&#8243; primary_title_google_fonts=\u00bbfont_family:Lato%3A100%2C100italic%2C300%2C300italic%2Cregular%2Citalic%2C700%2C700italic%2C900%2C900italic|font_style:400%20regular%3A400%3Anormal\u00bb hover_title=\u00bbMejor Show en Vivo\u00bb hover_title_font_container=\u00bbfont_size:24|color:%23ffffff|line_height:1&#8243; hover_title_google_fonts=\u00bbfont_family:Lato%3A100%2C100italic%2C300%2C300italic%2Cregular%2Citalic%2C700%2C700italic%2C900%2C900italic|font_style:400%20regular%3A400%3Anormal\u00bb shape=\u00bbsquare\u00bb hover_background_color=\u00bbcustom\u00bb el_width=\u00bb90&#8243; hover_btn_title=\u00bbVER GANADOR\u00bb hover_btn_align=\u00bbcenter\u00bb use_custom_fonts_primary_title=\u00bbtrue\u00bb use_custom_fonts_hover_title=\u00bbtrue\u00bb hover_add_button=\u00bbtrue\u00bb hover_custom_background=\u00bbrgba(255,0,255,0.75)\u00bb hover_btn_link=\u00bburl:https%3A%2F%2Fpremiosindigo.cl%2F2018%2Fmejor-show-en-vivo%2F|||\u00bb][\/vc_hoverbox][vc_empty_space][\/vc_column_inner][vc_column_inner width=\u00bb1\/4&#8243;][vc_hoverbox image=\u00bb4974&#8243; primary_title=\u00bbPremio Merlin al Mejor Sello Discogr\u00e1fico\u00bb primary_title_font_container=\u00bbfont_size:24|color:%23ffffff|line_height:1&#8243; primary_title_google_fonts=\u00bbfont_family:Lato%3A100%2C100italic%2C300%2C300italic%2Cregular%2Citalic%2C700%2C700italic%2C900%2C900italic|font_style:400%20regular%3A400%3Anormal\u00bb hover_title=\u00bbPremio Merlin al Mejor Sello Discogr\u00e1fico\u00bb hover_title_font_container=\u00bbfont_size:24|color:%23ffffff|line_height:1&#8243; hover_title_google_fonts=\u00bbfont_family:Lato%3A100%2C100italic%2C300%2C300italic%2Cregular%2Citalic%2C700%2C700italic%2C900%2C900italic|font_style:400%20regular%3A400%3Anormal\u00bb shape=\u00bbsquare\u00bb hover_background_color=\u00bbcustom\u00bb el_width=\u00bb90&#8243; hover_btn_title=\u00bbVER GANADOR\u00bb hover_btn_align=\u00bbcenter\u00bb use_custom_fonts_primary_title=\u00bbtrue\u00bb use_custom_fonts_hover_title=\u00bbtrue\u00bb hover_add_button=\u00bbtrue\u00bb hover_custom_background=\u00bbrgba(255,0,255,0.75)\u00bb hover_btn_link=\u00bburl:https%3A%2F%2Fpremiosindigo.cl%2F2018%2Fpremio-merlin-al-mejor-sello-discografico-independiente%2F|||\u00bb][\/vc_hoverbox][vc_empty_space][\/vc_column_inner][vc_column_inner width=\u00bb1\/4&#8243;][vc_hoverbox image=\u00bb4967&#8243; primary_title=\u00bbMejor Arte y Dise\u00f1o\u00bb primary_title_font_container=\u00bbfont_size:24|color:%23ffffff|line_height:1&#8243; primary_title_google_fonts=\u00bbfont_family:Lato%3A100%2C100italic%2C300%2C300italic%2Cregular%2Citalic%2C700%2C700italic%2C900%2C900italic|font_style:400%20regular%3A400%3Anormal\u00bb hover_title=\u00bbMejor Arte y Dise\u00f1o\u00bb hover_title_font_container=\u00bbfont_size:24|color:%23ffffff|line_height:1&#8243; hover_title_google_fonts=\u00bbfont_family:Lato%3A100%2C100italic%2C300%2C300italic%2Cregular%2Citalic%2C700%2C700italic%2C900%2C900italic|font_style:400%20regular%3A400%3Anormal\u00bb shape=\u00bbsquare\u00bb hover_background_color=\u00bbcustom\u00bb el_width=\u00bb90&#8243; hover_btn_title=\u00bbVER GANADOR\u00bb hover_btn_align=\u00bbcenter\u00bb use_custom_fonts_primary_title=\u00bbtrue\u00bb use_custom_fonts_hover_title=\u00bbtrue\u00bb hover_add_button=\u00bbtrue\u00bb hover_custom_background=\u00bbrgba(255,0,255,0.75)\u00bb hover_btn_link=\u00bburl:https%3A%2F%2Fpremiosindigo.cl%2F2018%2Fmejor-arte-y-diseno%2F|||\u00bb][\/vc_hoverbox][vc_empty_space][\/vc_column_inner][vc_column_inner width=\u00bb1\/4&#8243;][vc_hoverbox image=\u00bb4969&#8243; primary_title=\u00bbPremio Altafonte a la Creatividad Digital\u00bb primary_title_font_container=\u00bbfont_size:24|color:%23ffffff|line_height:1&#8243; primary_title_google_fonts=\u00bbfont_family:Lato%3A100%2C100italic%2C300%2C300italic%2Cregular%2Citalic%2C700%2C700italic%2C900%2C900italic|font_style:400%20regular%3A400%3Anormal\u00bb hover_title=\u00bbPremio Altafonte a la Creatividad Digital\u00bb hover_title_font_container=\u00bbfont_size:24|color:%23ffffff|line_height:1&#8243; hover_title_google_fonts=\u00bbfont_family:Lato%3A100%2C100italic%2C300%2C300italic%2Cregular%2Citalic%2C700%2C700italic%2C900%2C900italic|font_style:400%20regular%3A400%3Anormal\u00bb shape=\u00bbsquare\u00bb hover_background_color=\u00bbcustom\u00bb el_width=\u00bb90&#8243; hover_btn_title=\u00bbVER GANADOR\u00bb use_custom_fonts_primary_title=\u00bbtrue\u00bb use_custom_fonts_hover_title=\u00bbtrue\u00bb hover_add_button=\u00bbtrue\u00bb hover_custom_background=\u00bbrgba(255,0,255,0.75)\u00bb hover_btn_link=\u00bburl:https%3A%2F%2Fpremiosindigo.cl%2F2018%2Fpremio-altafonte-a-la-creatividad-digital%2F|||\u00bb][\/vc_hoverbox][\/vc_column_inner][\/vc_row_inner][\/vc_column][\/vc_row][vc_row iron_row_type=\u00bbfull_width\u00bb iron_remove_padding_medium=\u00bb\u00bb iron_remove_padding_small=\u00bb\u00bb iron_overlay_pattern=\u00bb\u00bb iron_parallax=\u00bb\u00bb iron_bg_video=\u00bb\u00bb css=\u00bb.vc_custom_1543336683775{background-color: #010104 !important;}\u00bb iron_id=\u00bbtransmision\u00bb][vc_column][vc_empty_space height=\u00bb50px\u00bb]\t<div class=\"dividerwrap\" style=\"padding-top:px; padding-bottom:px;\">\r\n\t\t<div class=\"imagedivider center\">\r\n\t\t<img src=\"https:\/\/premiosindigo.cl\/2018\/wp-content\/uploads\/2018\/09\/icon_divider-blanco.png\" class=\"imagedividerpic\" alt=\"divider\">\r\n\t\t<\/div>\r\n\t\t<div class=\"clear\"><\/div>\r\n\t<\/div>[vc_custom_heading text=\u00bbVIDEO CEREMONIA ENTREGA DE PREMIOS 2018&#8243; font_container=\u00bbtag:h3|font_size:22px|text_align:center|color:%23ffffff\u00bb google_fonts=\u00bbfont_family:Lato%3A100%2C100italic%2C300%2C300italic%2Cregular%2Citalic%2C700%2C700italic%2C900%2C900italic|font_style:400%20regular%3A400%3Anormal\u00bb fit_bg_text=\u00bb0&#8243; css=\u00bb.vc_custom_1543337399777{margin-bottom: -20px !important;}\u00bb el_class=\u00bb.costumespacing0&#8243;][vc_empty_space height=\u00bb50px\u00bb]\t<div class=\"dividerwrap\" style=\"padding-top:px; padding-bottom:px;\">\r\n\t\t<div class=\"imagedivider center\">\r\n\t\t<img src=\"https:\/\/premiosindigo.cl\/2018\/wp-content\/uploads\/2018\/09\/divider_bottom-blanco.jpg\" class=\"imagedividerpic\" alt=\"divider\">\r\n\t\t<\/div>\r\n\t\t<div class=\"clear\"><\/div>\r\n\t<\/div>[vc_empty_space height=\u00bb50px\u00bb][vc_video link=\u00bbhttps:\/\/youtu.be\/Nu5_yooubbk?t=185&#8243; align=\u00bbcenter\u00bb][\/vc_column][\/vc_row][vc_row iron_row_type=\u00bbfull_width\u00bb iron_remove_padding_medium=\u00bb\u00bb iron_remove_padding_small=\u00bb\u00bb iron_overlay_pattern=\u00bb\u00bb iron_parallax=\u00bb\u00bb iron_bg_video=\u00bb\u00bb css=\u00bb.vc_custom_1539894871018{background-color: #0b00ea !important;}\u00bb][vc_column width=\u00bb1\/4&#8243;][\/vc_column][vc_column width=\u00bb1\/2&#8243;][vc_empty_space height=\u00bb50px\u00bb][vc_row_inner iron_bg_video=\u00bb\u00bb][vc_column_inner width=\u00bb1\/3&#8243;][vc_empty_space height=\u00bb15px\u00bb][vc_single_image image=\u00bb5099&#8243; img_size=\u00bbfull\u00bb alignment=\u00bbcenter\u00bb css_animation=\u00bbleft-to-right\u00bb img_fullwidth=\u00bb0&#8243;][\/vc_column_inner][vc_column_inner width=\u00bb2\/3&#8243;][vc_column_text]<\/p>\n<h6 dir=\"ltr\"><strong><span style=\"color: #ffffff;\">CONVOCATORIA: 1 de octubre de 2018<\/span><\/strong><\/h6>\n<h6 dir=\"ltr\"><strong><span style=\"color: #ffffff;\">CIERRE CONVOCATORIA: 31 de octubre de 2018<\/span><\/strong><\/h6>\n<h6 dir=\"ltr\"><strong><span style=\"color: #ffffff;\">VOTACI\u00d3N POPULAR: 1 de noviembre de 2018<\/span><\/strong><\/h6>\n<h6 dir=\"ltr\"><strong><span style=\"color: #ffffff;\">CIERRE VOTACI\u00d3N POPULAR: 8 de noviembre de 2018<\/span><\/strong><\/h6>\n<h6 dir=\"ltr\"><strong><span style=\"color: #ffffff;\">VOTACI\u00d3N JURADO: 9 de noviembre de 2018<\/span><\/strong><\/h6>\n<h6 dir=\"ltr\"><strong><span style=\"color: #ffffff;\">CIERRE VOTACI\u00d3N JURADO: 16 de noviembre de 2018<\/span><\/strong><\/h6>\n<h6 dir=\"ltr\"><strong><span style=\"color: #ffffff;\">RESULTADOS: 26 de noviembre de 2018<\/span><\/strong><\/h6>\n<p>[\/vc_column_text][\/vc_column_inner][\/vc_row_inner][\/vc_column][vc_column width=\u00bb1\/4&#8243;][\/vc_column][\/vc_row][vc_row iron_row_type=\u00bbfull_width\u00bb iron_remove_padding_medium=\u00bb\u00bb iron_remove_padding_small=\u00bb\u00bb iron_overlay_pattern=\u00bb\u00bb iron_parallax=\u00bb\u00bb iron_bg_video=\u00bb\u00bb css=\u00bb.vc_custom_1538153798685{background-color: #0b00ea !important;}\u00bb][vc_column][vc_empty_space height=\u00bb50px\u00bb][vc_btn title=\u00bbREVISAR LAS BASES\u00bb style=\u00bboutline-custom\u00bb outline_custom_color=\u00bb#ffffff\u00bb outline_custom_hover_background=\u00bb#ff00ff\u00bb outline_custom_hover_text=\u00bb#ffffff\u00bb shape=\u00bbsquare\u00bb size=\u00bblg\u00bb align=\u00bbcenter\u00bb i_align=\u00bbright\u00bb i_icon_fontawesome=\u00bbfa fa-file-pdf-o\u00bb add_icon=\u00bbtrue\u00bb link=\u00bburl:https%3A%2F%2Fpremiosindigo.cl%2F2018%2Farchivos%2Fbases-2018.pdf||target:%20_blank|\u00bb][vc_empty_space height=\u00bb50px\u00bb][\/vc_column][\/vc_row][vc_row iron_row_type=\u00bbfull_width\u00bb iron_remove_padding_medium=\u00bb\u00bb iron_remove_padding_small=\u00bb\u00bb iron_overlay_pattern=\u00bb\u00bb iron_parallax=\u00bb\u00bb iron_bg_video=\u00bb\u00bb iron_id=\u00bbcontacto\u00bb css=\u00bb.vc_custom_1543336373827{background-color: #ffffff !important;}\u00bb][vc_column][vc_empty_space height=\u00bb50px\u00bb]\t<div class=\"dividerwrap\" style=\"padding-top:px; padding-bottom:px;\">\r\n\t\t<div class=\"imagedivider center\">\r\n\t\t<img src=\"https:\/\/premiosindigo.cl\/2018\/wp-content\/uploads\/2018\/09\/icon_divider-ff00ff.png\" class=\"imagedividerpic\" alt=\"divider\">\r\n\t\t<\/div>\r\n\t\t<div class=\"clear\"><\/div>\r\n\t<\/div>[vc_custom_heading text=\u00bbC O N T A C T O\u00bb font_container=\u00bbtag:h3|font_size:42px|text_align:center|color:%23000000|line_height:47px\u00bb google_fonts=\u00bbfont_family:Lato%3A100%2C100italic%2C300%2C300italic%2Cregular%2Citalic%2C700%2C700italic%2C900%2C900italic|font_style:400%20regular%3A400%3Anormal\u00bb fit_bg_text=\u00bb0&#8243; css=\u00bb.vc_custom_1538151425288{margin-bottom: -20px !important;}\u00bb el_class=\u00bb.costumespacing0&#8243;][vc_empty_space height=\u00bb50px\u00bb]\t<div class=\"dividerwrap\" style=\"padding-top:px; padding-bottom:px;\">\r\n\t\t<div class=\"imagedivider center\">\r\n\t\t<img src=\"https:\/\/premiosindigo.cl\/2018\/wp-content\/uploads\/2018\/09\/divider_bottom-ff00ff.jpg\" class=\"imagedividerpic\" alt=\"divider\">\r\n\t\t<\/div>\r\n\t\t<div class=\"clear\"><\/div>\r\n\t<\/div>[vc_empty_space height=\u00bb15px\u00bb][\/vc_column][\/vc_row][vc_row content_placement=\u00bbmiddle\u00bb iron_row_type=\u00bbfull_width\u00bb iron_remove_padding_medium=\u00bb\u00bb iron_remove_padding_small=\u00bb\u00bb iron_overlay_pattern=\u00bb\u00bb iron_parallax=\u00bbparallax\u00bb iron_bg_video=\u00bb\u00bb css=\u00bb.vc_custom_1543336269391{background-color: #ffffff !important;}\u00bb][vc_column width=\u00bb1\/4&#8243;][\/vc_column][vc_column width=\u00bb1\/2&#8243;]<div role=\"form\" class=\"wpcf7\" id=\"wpcf7-f4926-o1\" lang=\"es-ES\" dir=\"ltr\">\n<div class=\"screen-reader-response\"><p role=\"status\" aria-live=\"polite\" aria-atomic=\"true\"><\/p> <ul><\/ul><\/div>\n<form action=\"\/2018\/wp-json\/wp\/v2\/pages\/5332#wpcf7-f4926-o1\" method=\"post\" class=\"wpcf7-form init\" novalidate=\"novalidate\" data-status=\"init\">\n<div style=\"display: none;\">\n<input type=\"hidden\" name=\"_wpcf7\" value=\"4926\" \/>\n<input type=\"hidden\" name=\"_wpcf7_version\" value=\"5.5.6.1\" \/>\n<input type=\"hidden\" name=\"_wpcf7_locale\" value=\"es_ES\" \/>\n<input type=\"hidden\" name=\"_wpcf7_unit_tag\" value=\"wpcf7-f4926-o1\" \/>\n<input type=\"hidden\" name=\"_wpcf7_container_post\" value=\"0\" \/>\n<input type=\"hidden\" name=\"_wpcf7_posted_data_hash\" value=\"\" \/>\n<\/div>\n<p>Nombre*<br \/>\n    <span class=\"wpcf7-form-control-wrap nombre\"><input type=\"text\" name=\"nombre\" value=\"\" size=\"40\" class=\"wpcf7-form-control wpcf7-text wpcf7-validates-as-required\" aria-required=\"true\" aria-invalid=\"false\" \/><\/span> <\/p>\n<p>Email*<br \/>\n    <span class=\"wpcf7-form-control-wrap email\"><input type=\"email\" name=\"email\" value=\"\" size=\"40\" class=\"wpcf7-form-control wpcf7-text wpcf7-email wpcf7-validates-as-required wpcf7-validates-as-email\" aria-required=\"true\" aria-invalid=\"false\" \/><\/span> <\/p>\n<p>Asunto*<br \/>\n    <span class=\"wpcf7-form-control-wrap asunto\"><input type=\"text\" name=\"asunto\" value=\"\" size=\"40\" class=\"wpcf7-form-control wpcf7-text wpcf7-validates-as-required\" aria-required=\"true\" aria-invalid=\"false\" \/><\/span> <\/p>\n<p>Mensaje*<br \/>\n    <span class=\"wpcf7-form-control-wrap mensaje\"><textarea name=\"mensaje\" cols=\"40\" rows=\"10\" class=\"wpcf7-form-control wpcf7-textarea wpcf7-validates-as-required\" aria-required=\"true\" aria-invalid=\"false\"><\/textarea><\/span> <\/p>\n<p>*Campos obligatorios<\/p>\n<p><input type=\"submit\" value=\"Enviar\" class=\"wpcf7-form-control has-spinner wpcf7-submit\" \/><\/p>\n<div class=\"wpcf7-response-output\" aria-hidden=\"true\"><\/div><\/form><\/div>[vc_empty_space height=\u00bb20px\u00bb][\/vc_column][vc_column width=\u00bb1\/4&#8243;][\/vc_column][\/vc_row][vc_row iron_row_type=\u00bbfull_width\u00bb iron_remove_padding_medium=\u00bb\u00bb iron_remove_padding_small=\u00bb\u00bb iron_overlay_pattern=\u00bb\u00bb iron_parallax=\u00bb\u00bb iron_bg_video=\u00bb\u00bb css=\u00bb.vc_custom_1538156911711{background-color: #25262d !important;}\u00bb][vc_column][vc_single_image image=\u00bb5067&#8243; img_size=\u00bbfull\u00bb alignment=\u00bbcenter\u00bb css_animation=\u00bbfadeIn\u00bb img_fullwidth=\u00bb0&#8243;][\/vc_column][\/vc_row]<\/p>\n","protected":false},"excerpt":{"rendered":"<p>[vc_row iron_row_type=\u00bbfull_width\u00bb iron_remove_padding_medium=\u00bb\u00bb iron_remove_padding_small=\u00bb\u00bb iron_overlay_pattern=\u00bb\u00bb iron_parallax=\u00bb\u00bb iron_bg_video=\u00bb\u00bb iron_bg_video_poster=\u00bb9&#8243; css=\u00bb.vc_custom_1538416929303{padding-top: 25vh !important;padding-bottom: 30vh !important;background-image: url(https:\/\/premiosindigo.cl\/2018\/wp-content\/uploads\/2018\/09\/fondo-principal-4.jpg?id=4867) !important;}\u00bb el_class=\u00bbbg-align-right\u00bb][vc_column width=\u00bb1\/4&#8243;][\/vc_column][vc_column width=\u00bb1\/2&#8243;][vc_custom_heading text=\u00bb\u00cdNDIGO, los premios de la M\u00fasica Independiente de Chile son organizados por IMICHILE y los principales medios digitales relacionados con la m\u00fasica y buscan fomentar la creaci\u00f3n, la diversidad y la calidad art\u00edstica de las producciones independientes nacionales, promover la profesionalizaci\u00f3n de la industria, acercando la m\u00fasica y el proceso de producci\u00f3n al p\u00fablico. Su primera edici\u00f3n se celebr\u00f3 el 26 de [&hellip;]<\/p>\n","protected":false},"author":1,"featured_media":0,"parent":0,"menu_order":0,"comment_status":"closed","ping_status":"closed","template":"","meta":[],"_links":{"self":[{"href":"https:\/\/premiosindigo.cl\/2018\/wp-json\/wp\/v2\/pages\/5332"}],"collection":[{"href":"https:\/\/premiosindigo.cl\/2018\/wp-json\/wp\/v2\/pages"}],"about":[{"href":"https:\/\/premiosindigo.cl\/2018\/wp-json\/wp\/v2\/types\/page"}],"author":[{"embeddable":true,"href":"https:\/\/premiosindigo.cl\/2018\/wp-json\/wp\/v2\/users\/1"}],"replies":[{"embeddable":true,"href":"https:\/\/premiosindigo.cl\/2018\/wp-json\/wp\/v2\/comments?post=5332"}],"version-history":[{"count":24,"href":"https:\/\/premiosindigo.cl\/2018\/wp-json\/wp\/v2\/pages\/5332\/revisions"}],"predecessor-version":[{"id":5383,"href":"https:\/\/premiosindigo.cl\/2018\/wp-json\/wp\/v2\/pages\/5332\/revisions\/5383"}],"wp:attachment":[{"href":"https:\/\/premiosindigo.cl\/2018\/wp-json\/wp\/v2\/media?parent=5332"}],"curies":[{"name":"wp","href":"https:\/\/api.w.org\/{rel}","templated":true}]}}