{"id":4,"date":"2015-04-10T18:54:04","date_gmt":"2015-04-10T18:54:04","guid":{"rendered":"http:\/\/premiosindigo.cl\/2021\/?page_id=4"},"modified":"2021-12-29T18:56:04","modified_gmt":"2021-12-29T18:56:04","slug":"home","status":"publish","type":"page","link":"https:\/\/premiosindigo.cl\/2021\/","title":{"rendered":"Home"},"content":{"rendered":"<p>[vc_row content_placement=\u00bbmiddle\u00bb iron_row_type=\u00bbfull_width\u00bb iron_remove_padding_medium=\u00bb\u00bb iron_remove_padding_small=\u00bb\u00bb iron_overlay_pattern=\u00bb\u00bb iron_parallax=\u00bb\u00bb iron_bg_video=\u00bbbg_video\u00bb css=\u00bb.vc_custom_1640295496550{padding-top: 20vh !important;padding-bottom: 15vh !important;background-image: url(https:\/\/premiosindigo.cl\/2021\/wp-content\/uploads\/2021\/12\/home_fondo-1.png?id=4855) !important;}\u00bb el_class=\u00bbbg-align-right\u00bb iron_overlay_color=\u00bbrgba(0,0,0,0.3)\u00bb][vc_column width=\u00bb1\/6&#8243;][\/vc_column][vc_column width=\u00bb2\/3&#8243; css=\u00bb.vc_custom_1640360582130{margin-top: 20px !important;padding-right: 20px !important;padding-left: 20px !important;}\u00bb][vc_single_image image=\u00bb4858&#8243; img_size=\u00bbfull\u00bb alignment=\u00bbcenter\u00bb css_animation=\u00bbfadeInDownBig\u00bb img_fullwidth=\u00bb0&#8243;][vc_empty_space height=\u00bb50px\u00bb]\t<div class=\"dividerwrap\" style=\"padding-top:px; padding-bottom:px;\">\r\n\t\t<div class=\"defaultdivider center\" style=\"background-color:#e52141\"><\/div>\r\n\t\t<div class=\"clear\"><\/div>\r\n\t<\/div>[vc_custom_heading text=\u00bb\u00cdNDIGO, los premios de la M\u00fasica Independiente de Chile son organizados por IMICHILE, buscan fomentar la creaci\u00f3n, la diversidad y la calidad art\u00edstica de las producciones independientes, promover profesionalizaci\u00f3n de la industria, acercando la m\u00fasica y el proceso de producci\u00f3n al p\u00fablico.<br \/>\nSu versi\u00f3n 2021 lleg\u00f3 de manera especial con 3 categor\u00edas enfocadas en la reactivaci\u00f3n: Premio Merlin al Mejor Sello Discogr\u00e1fico Independiente, Premio a la Creatividad Digital y Premio a la Reinvenci\u00f3n Pand\u00e9mica. La publicaci\u00f3n de ganadores y entrega de los premios fue dado a conocer en el evento de cierre de a\u00f1o IMICHILE, el pasado 28 de diciembre en Streaming Lab.\u00bb font_container=\u00bbtag:h3|font_size:18px|text_align:center|color:%23ffffff\u00bb google_fonts=\u00bbfont_family:Lato%3A100%2C100italic%2C300%2C300italic%2Cregular%2Citalic%2C700%2C700italic%2C900%2C900italic|font_style:400%20regular%3A400%3Anormal\u00bb css_animation=\u00bbleft-to-right\u00bb fit_bg_text=\u00bb0&#8243; el_class=\u00bb.costumespacing0&#8243; css=\u00bb.vc_custom_1640804159044{margin-bottom: -20px !important;}\u00bb][vc_empty_space height=\u00bb50px\u00bb]\t<div class=\"dividerwrap\" style=\"padding-top:px; padding-bottom:px;\">\r\n\t\t<div class=\"defaultdivider center\" style=\"background-color:#e52141\"><\/div>\r\n\t\t<div class=\"clear\"><\/div>\r\n\t<\/div>[vc_empty_space height=\u00bb50px\u00bb][vc_empty_space height=\u00bb50px\u00bb][\/vc_column][vc_column width=\u00bb1\/6&#8243;][\/vc_column][\/vc_row][vc_row content_placement=\u00bbmiddle\u00bb iron_row_type=\u00bbfull_width\u00bb iron_remove_padding_medium=\u00bb\u00bb iron_remove_padding_small=\u00bb\u00bb iron_overlay_pattern=\u00bb\u00bb iron_parallax=\u00bbparallax\u00bb iron_bg_video=\u00bb\u00bb css=\u00bb.vc_custom_1640359692240{padding-top: 15vh !important;padding-bottom: 8vh !important;background-color: #bf354e !important;}\u00bb iron_id=\u00bbcategorias\u00bb][vc_column]\t<div class=\"dividerwrap\" style=\"padding-top:px; padding-bottom:px;\">\r\n\t\t<div class=\"defaultdivider center\" style=\"background-color:#ffffff\"><\/div>\r\n\t\t<div class=\"clear\"><\/div>\r\n\t<\/div>[vc_custom_heading text=\u00bbGANADORES POR CATEGOR\u00cdA\u00bb font_container=\u00bbtag:h3|font_size:42px|text_align:center|color:%23ffffff|line_height:47px\u00bb google_fonts=\u00bbfont_family:Lato%3A100%2C100italic%2C300%2C300italic%2Cregular%2Citalic%2C700%2C700italic%2C900%2C900italic|font_style:400%20regular%3A400%3Anormal\u00bb fit_bg_text=\u00bb0&#8243; css=\u00bb.vc_custom_1640803897083{margin-bottom: -20px !important;}\u00bb el_class=\u00bb.costumespacing0&#8243;][vc_empty_space height=\u00bb50px\u00bb]\t<div class=\"dividerwrap\" style=\"padding-top:px; padding-bottom:px;\">\r\n\t\t<div class=\"defaultdivider center\" style=\"background-color:#ffffff\"><\/div>\r\n\t\t<div class=\"clear\"><\/div>\r\n\t<\/div>[vc_empty_space height=\u00bb40px\u00bb][vc_row_inner gap=\u00bb30&#8243; iron_bg_video=\u00bb\u00bb][vc_column_inner width=\u00bb1\/3&#8243;][vc_single_image image=\u00bb4910&#8243; img_size=\u00bbfull\u00bb alignment=\u00bbcenter\u00bb style=\u00bbvc_box_rounded\u00bb onclick=\u00bblink_image\u00bb css_animation=\u00bbbounceIn\u00bb img_fullwidth=\u00bb0&#8243;][vc_empty_space height=\u00bb20px\u00bb][\/vc_column_inner][vc_column_inner width=\u00bb1\/3&#8243;][vc_single_image image=\u00bb4908&#8243; img_size=\u00bbfull\u00bb alignment=\u00bbcenter\u00bb style=\u00bbvc_box_rounded\u00bb onclick=\u00bblink_image\u00bb css_animation=\u00bbbounceIn\u00bb img_fullwidth=\u00bb0&#8243;][vc_empty_space height=\u00bb20px\u00bb][\/vc_column_inner][vc_column_inner width=\u00bb1\/3&#8243;][vc_single_image image=\u00bb4909&#8243; img_size=\u00bbfull\u00bb alignment=\u00bbcenter\u00bb style=\u00bbvc_box_rounded\u00bb onclick=\u00bblink_image\u00bb css_animation=\u00bbbounceIn\u00bb img_fullwidth=\u00bb0&#8243;][vc_empty_space height=\u00bb20px\u00bb][\/vc_column_inner][\/vc_row_inner][\/vc_column][\/vc_row][vc_row iron_row_type=\u00bbin_container\u00bb iron_remove_padding_medium=\u00bb\u00bb iron_remove_padding_small=\u00bb\u00bb iron_overlay_pattern=\u00bb\u00bb iron_parallax=\u00bb\u00bb iron_bg_video=\u00bb\u00bb iron_id=\u00bbcontacto\u00bb css=\u00bb.vc_custom_1640360617763{padding-right: 20px !important;padding-left: 20px !important;}\u00bb][vc_column][vc_empty_space height=\u00bb50px\u00bb]\t<div class=\"dividerwrap\" style=\"padding-top:px; padding-bottom:px;\">\r\n\t\t<div class=\"defaultdivider center\" style=\"background-color:rgb(229, 33, 65)\"><\/div>\r\n\t\t<div class=\"clear\"><\/div>\r\n\t<\/div>[vc_custom_heading text=\u00bbC O N T A C T O\u00bb font_container=\u00bbtag:h3|font_size:42px|text_align:center|color:%23000000|line_height:47px\u00bb google_fonts=\u00bbfont_family:Lato%3A100%2C100italic%2C300%2C300italic%2Cregular%2Citalic%2C700%2C700italic%2C900%2C900italic|font_style:400%20regular%3A400%3Anormal\u00bb fit_bg_text=\u00bb0&#8243; css=\u00bb.vc_custom_1538151425288{margin-bottom: -20px !important;}\u00bb el_class=\u00bb.costumespacing0&#8243;][vc_empty_space height=\u00bb50px\u00bb]\t<div class=\"dividerwrap\" style=\"padding-top:px; padding-bottom:px;\">\r\n\t\t<div class=\"defaultdivider center\" style=\"background-color:rgb(229, 33, 65)\"><\/div>\r\n\t\t<div class=\"clear\"><\/div>\r\n\t<\/div>[vc_empty_space height=\u00bb15px\u00bb][\/vc_column][\/vc_row][vc_row content_placement=\u00bbmiddle\u00bb iron_row_type=\u00bbfull_width\u00bb iron_remove_padding_medium=\u00bb\u00bb iron_remove_padding_small=\u00bb\u00bb iron_overlay_pattern=\u00bb\u00bb iron_parallax=\u00bbparallax\u00bb iron_bg_video=\u00bb\u00bb iron_id=\u00bbcontacto\u00bb css=\u00bb.vc_custom_1640360626360{padding-right: 20px !important;padding-left: 20px !important;}\u00bb][vc_column width=\u00bb1\/4&#8243;][\/vc_column][vc_column width=\u00bb1\/2&#8243;]<div role=\"form\" class=\"wpcf7\" id=\"wpcf7-f4868-o1\" lang=\"es-ES\" dir=\"ltr\">\n<div class=\"screen-reader-response\"><p role=\"status\" aria-live=\"polite\" aria-atomic=\"true\"><\/p> <ul><\/ul><\/div>\n<form action=\"\/2021\/wp-json\/wp\/v2\/pages\/4#wpcf7-f4868-o1\" method=\"post\" class=\"wpcf7-form init\" novalidate=\"novalidate\" data-status=\"init\">\n<div style=\"display: none;\">\n<input type=\"hidden\" name=\"_wpcf7\" value=\"4868\" \/>\n<input type=\"hidden\" name=\"_wpcf7_version\" value=\"5.6\" \/>\n<input type=\"hidden\" name=\"_wpcf7_locale\" value=\"es_ES\" \/>\n<input type=\"hidden\" name=\"_wpcf7_unit_tag\" value=\"wpcf7-f4868-o1\" \/>\n<input type=\"hidden\" name=\"_wpcf7_container_post\" value=\"0\" \/>\n<input type=\"hidden\" name=\"_wpcf7_posted_data_hash\" value=\"\" \/>\n<input type=\"hidden\" name=\"_wpcf7_recaptcha_response\" value=\"\" \/>\n<\/div>\n<p>Nombre*<br \/>\n    <span class=\"wpcf7-form-control-wrap\" data-name=\"nombre\"><input type=\"text\" name=\"nombre\" value=\"\" size=\"40\" class=\"wpcf7-form-control wpcf7-text wpcf7-validates-as-required\" aria-required=\"true\" aria-invalid=\"false\" \/><\/span> <\/p>\n<p>Email*<br \/>\n    <span class=\"wpcf7-form-control-wrap\" data-name=\"email\"><input type=\"email\" name=\"email\" value=\"\" size=\"40\" class=\"wpcf7-form-control wpcf7-text wpcf7-email wpcf7-validates-as-required wpcf7-validates-as-email\" aria-required=\"true\" aria-invalid=\"false\" \/><\/span> <\/p>\n<p>Asunto*<br \/>\n    <span class=\"wpcf7-form-control-wrap\" data-name=\"asunto\"><input type=\"text\" name=\"asunto\" value=\"\" size=\"40\" class=\"wpcf7-form-control wpcf7-text wpcf7-validates-as-required\" aria-required=\"true\" aria-invalid=\"false\" \/><\/span> <\/p>\n<p>Mensaje*<br \/>\n    <span class=\"wpcf7-form-control-wrap\" data-name=\"mensaje\"><textarea name=\"mensaje\" cols=\"40\" rows=\"10\" class=\"wpcf7-form-control wpcf7-textarea wpcf7-validates-as-required\" aria-required=\"true\" aria-invalid=\"false\"><\/textarea><\/span> <\/p>\n<p>*Campos obligatorios<\/p>\n<p><input type=\"submit\" value=\"Enviar\" class=\"wpcf7-form-control has-spinner wpcf7-submit\" \/><\/p>\n<div class=\"wpcf7-response-output\" aria-hidden=\"true\"><\/div><\/form><\/div>[vc_empty_space height=\u00bb20px\u00bb][\/vc_column][vc_column width=\u00bb1\/4&#8243;][\/vc_column][\/vc_row][vc_row iron_row_type=\u00bbfull_width\u00bb iron_remove_padding_medium=\u00bb\u00bb iron_remove_padding_small=\u00bb\u00bb iron_overlay_pattern=\u00bb\u00bb iron_parallax=\u00bb\u00bb iron_bg_video=\u00bb\u00bb css=\u00bb.vc_custom_1640297433396{background-color: #e52141 !important;}\u00bb][vc_column width=\u00bb1\/6&#8243;][\/vc_column][vc_column width=\u00bb2\/3&#8243;][vc_single_image image=\u00bb4870&#8243; img_size=\u00bbfull\u00bb alignment=\u00bbcenter\u00bb css_animation=\u00bbfadeIn\u00bb img_fullwidth=\u00bb0&#8243;][\/vc_column][vc_column width=\u00bb1\/6&#8243;][\/vc_column][\/vc_row]<\/p>\n","protected":false},"excerpt":{"rendered":"<p>[vc_row content_placement=\u00bbmiddle\u00bb iron_row_type=\u00bbfull_width\u00bb iron_remove_padding_medium=\u00bb\u00bb iron_remove_padding_small=\u00bb\u00bb iron_overlay_pattern=\u00bb\u00bb iron_parallax=\u00bb\u00bb iron_bg_video=\u00bbbg_video\u00bb css=\u00bb.vc_custom_1640295496550{padding-top: 20vh !important;padding-bottom: 15vh !important;background-image: url(https:\/\/premiosindigo.cl\/2021\/wp-content\/uploads\/2021\/12\/home_fondo-1.png?id=4855) !important;}\u00bb el_class=\u00bbbg-align-right\u00bb iron_overlay_color=\u00bbrgba(0,0,0,0.3)\u00bb][vc_column width=\u00bb1\/6&#8243;][\/vc_column][vc_column width=\u00bb2\/3&#8243; css=\u00bb.vc_custom_1640360582130{margin-top: 20px !important;padding-right: 20px !important;padding-left: 20px !important;}\u00bb][vc_single_image image=\u00bb4858&#8243; img_size=\u00bbfull\u00bb alignment=\u00bbcenter\u00bb css_animation=\u00bbfadeInDownBig\u00bb img_fullwidth=\u00bb0&#8243;][vc_empty_space height=\u00bb50px\u00bb][vc_custom_heading text=\u00bb\u00cdNDIGO, los premios de la M\u00fasica Independiente de Chile son organizados por IMICHILE, buscan fomentar la creaci\u00f3n, la diversidad y la calidad art\u00edstica de las producciones independientes, promover profesionalizaci\u00f3n de la industria, acercando la m\u00fasica y el proceso de producci\u00f3n al p\u00fablico. Su versi\u00f3n 2021 lleg\u00f3 de manera [&hellip;]<\/p>\n","protected":false},"author":1,"featured_media":0,"parent":0,"menu_order":0,"comment_status":"closed","ping_status":"closed","template":"","meta":[],"yoast_head":"<!-- This site is optimized with the Yoast SEO plugin v19.2 - https:\/\/yoast.com\/wordpress\/plugins\/seo\/ -->\n<title>4\u00aa versi\u00f3n - Premios \u00cdndigo 2021<\/title>\n<meta name=\"description\" content=\"Premios de la M\u00fasica Independiente de Chile, organizados por IMICHILE. Buscan fomentar la creaci\u00f3n, la diversidad y la calidad art\u00edstica...\" \/>\n<meta name=\"robots\" content=\"index, follow, max-snippet:-1, max-image-preview:large, max-video-preview:-1\" \/>\n<link rel=\"canonical\" href=\"https:\/\/premiosindigo.cl\/2021\/\" \/>\n<meta property=\"og:locale\" content=\"es_ES\" \/>\n<meta property=\"og:type\" content=\"article\" \/>\n<meta property=\"og:title\" content=\"4\u00aa versi\u00f3n - Premios \u00cdndigo 2021\" \/>\n<meta property=\"og:description\" content=\"Premios de la M\u00fasica Independiente de Chile, organizados por IMICHILE. Buscan fomentar la creaci\u00f3n, la diversidad y la calidad art\u00edstica...\" \/>\n<meta property=\"og:url\" content=\"https:\/\/premiosindigo.cl\/2021\/\" \/>\n<meta property=\"og:site_name\" content=\"Premios \u00cdndigo 2021\" \/>\n<meta property=\"article:publisher\" content=\"http:\/\/www.facebook.com\/Premios-indigo-255421878556233\/\" \/>\n<meta property=\"article:modified_time\" content=\"2021-12-29T18:56:04+00:00\" \/>\n<meta name=\"author\" content=\"cubico\" \/>\n<meta name=\"twitter:card\" content=\"summary_large_image\" \/>\n<meta name=\"twitter:site\" content=\"@PremiosIndigo\" \/>\n<meta name=\"twitter:label1\" content=\"Tiempo de lectura\" \/>\n\t<meta name=\"twitter:data1\" content=\"2 minutos\" \/>\n<script type=\"application\/ld+json\" class=\"yoast-schema-graph\">{\"@context\":\"https:\/\/schema.org\",\"@graph\":[{\"@type\":\"Organization\",\"@id\":\"https:\/\/premiosindigo.cl\/2021\/#organization\",\"name\":\"Premios Indigo\",\"url\":\"https:\/\/premiosindigo.cl\/2021\/\",\"sameAs\":[\"http:\/\/www.instagram.com\/premiosindigo\/\",\"http:\/\/www.youtube.com\/channel\/UCUUl9vhAHZnxsYGhfo-vPjg?view_as=subscriber\",\"http:\/\/www.facebook.com\/Premios-indigo-255421878556233\/\",\"https:\/\/twitter.com\/PremiosIndigo\"],\"logo\":{\"@type\":\"ImageObject\",\"inLanguage\":\"es\",\"@id\":\"https:\/\/premiosindigo.cl\/2021\/#\/schema\/logo\/image\/\",\"url\":\"https:\/\/premiosindigo.cl\/2021\/wp-content\/uploads\/2021\/12\/logo-indigo-oscuro_2020-465x102-1.png\",\"contentUrl\":\"https:\/\/premiosindigo.cl\/2021\/wp-content\/uploads\/2021\/12\/logo-indigo-oscuro_2020-465x102-1.png\",\"width\":465,\"height\":102,\"caption\":\"Premios Indigo\"},\"image\":{\"@id\":\"https:\/\/premiosindigo.cl\/2021\/#\/schema\/logo\/image\/\"}},{\"@type\":\"WebSite\",\"@id\":\"https:\/\/premiosindigo.cl\/2021\/#website\",\"url\":\"https:\/\/premiosindigo.cl\/2021\/\",\"name\":\"Premios \u00cdndigo 2021\",\"description\":\"Los premios de la M\u00fasica Independiente de Chile\",\"publisher\":{\"@id\":\"https:\/\/premiosindigo.cl\/2021\/#organization\"},\"potentialAction\":[{\"@type\":\"SearchAction\",\"target\":{\"@type\":\"EntryPoint\",\"urlTemplate\":\"https:\/\/premiosindigo.cl\/2021\/?s={search_term_string}\"},\"query-input\":\"required name=search_term_string\"}],\"inLanguage\":\"es\"},{\"@type\":\"WebPage\",\"@id\":\"https:\/\/premiosindigo.cl\/2021\/#webpage\",\"url\":\"https:\/\/premiosindigo.cl\/2021\/\",\"name\":\"4\u00aa versi\u00f3n - Premios \u00cdndigo 2021\",\"isPartOf\":{\"@id\":\"https:\/\/premiosindigo.cl\/2021\/#website\"},\"datePublished\":\"2015-04-10T18:54:04+00:00\",\"dateModified\":\"2021-12-29T18:56:04+00:00\",\"description\":\"Premios de la M\u00fasica Independiente de Chile, organizados por IMICHILE. Buscan fomentar la creaci\u00f3n, la diversidad y la calidad art\u00edstica...\",\"breadcrumb\":{\"@id\":\"https:\/\/premiosindigo.cl\/2021\/#breadcrumb\"},\"inLanguage\":\"es\",\"potentialAction\":[{\"@type\":\"ReadAction\",\"target\":[\"https:\/\/premiosindigo.cl\/2021\/\"]}]},{\"@type\":\"BreadcrumbList\",\"@id\":\"https:\/\/premiosindigo.cl\/2021\/#breadcrumb\",\"itemListElement\":[{\"@type\":\"ListItem\",\"position\":1,\"name\":\"Portada\",\"item\":\"https:\/\/premiosindigo.cl\/2021\/\"},{\"@type\":\"ListItem\",\"position\":2,\"name\":\"Home\"}]}]}<\/script>\n<!-- \/ Yoast SEO plugin. -->","yoast_head_json":{"title":"4\u00aa versi\u00f3n - Premios \u00cdndigo 2021","description":"Premios de la M\u00fasica Independiente de Chile, organizados por IMICHILE. Buscan fomentar la creaci\u00f3n, la diversidad y la calidad art\u00edstica...","robots":{"index":"index","follow":"follow","max-snippet":"max-snippet:-1","max-image-preview":"max-image-preview:large","max-video-preview":"max-video-preview:-1"},"canonical":"https:\/\/premiosindigo.cl\/2021\/","og_locale":"es_ES","og_type":"article","og_title":"4\u00aa versi\u00f3n - Premios \u00cdndigo 2021","og_description":"Premios de la M\u00fasica Independiente de Chile, organizados por IMICHILE. Buscan fomentar la creaci\u00f3n, la diversidad y la calidad art\u00edstica...","og_url":"https:\/\/premiosindigo.cl\/2021\/","og_site_name":"Premios \u00cdndigo 2021","article_publisher":"http:\/\/www.facebook.com\/Premios-indigo-255421878556233\/","article_modified_time":"2021-12-29T18:56:04+00:00","author":"cubico","twitter_card":"summary_large_image","twitter_site":"@PremiosIndigo","twitter_misc":{"Tiempo de lectura":"2 minutos"},"schema":{"@context":"https:\/\/schema.org","@graph":[{"@type":"Organization","@id":"https:\/\/premiosindigo.cl\/2021\/#organization","name":"Premios Indigo","url":"https:\/\/premiosindigo.cl\/2021\/","sameAs":["http:\/\/www.instagram.com\/premiosindigo\/","http:\/\/www.youtube.com\/channel\/UCUUl9vhAHZnxsYGhfo-vPjg?view_as=subscriber","http:\/\/www.facebook.com\/Premios-indigo-255421878556233\/","https:\/\/twitter.com\/PremiosIndigo"],"logo":{"@type":"ImageObject","inLanguage":"es","@id":"https:\/\/premiosindigo.cl\/2021\/#\/schema\/logo\/image\/","url":"https:\/\/premiosindigo.cl\/2021\/wp-content\/uploads\/2021\/12\/logo-indigo-oscuro_2020-465x102-1.png","contentUrl":"https:\/\/premiosindigo.cl\/2021\/wp-content\/uploads\/2021\/12\/logo-indigo-oscuro_2020-465x102-1.png","width":465,"height":102,"caption":"Premios Indigo"},"image":{"@id":"https:\/\/premiosindigo.cl\/2021\/#\/schema\/logo\/image\/"}},{"@type":"WebSite","@id":"https:\/\/premiosindigo.cl\/2021\/#website","url":"https:\/\/premiosindigo.cl\/2021\/","name":"Premios \u00cdndigo 2021","description":"Los premios de la M\u00fasica Independiente de Chile","publisher":{"@id":"https:\/\/premiosindigo.cl\/2021\/#organization"},"potentialAction":[{"@type":"SearchAction","target":{"@type":"EntryPoint","urlTemplate":"https:\/\/premiosindigo.cl\/2021\/?s={search_term_string}"},"query-input":"required name=search_term_string"}],"inLanguage":"es"},{"@type":"WebPage","@id":"https:\/\/premiosindigo.cl\/2021\/#webpage","url":"https:\/\/premiosindigo.cl\/2021\/","name":"4\u00aa versi\u00f3n - Premios \u00cdndigo 2021","isPartOf":{"@id":"https:\/\/premiosindigo.cl\/2021\/#website"},"datePublished":"2015-04-10T18:54:04+00:00","dateModified":"2021-12-29T18:56:04+00:00","description":"Premios de la M\u00fasica Independiente de Chile, organizados por IMICHILE. Buscan fomentar la creaci\u00f3n, la diversidad y la calidad art\u00edstica...","breadcrumb":{"@id":"https:\/\/premiosindigo.cl\/2021\/#breadcrumb"},"inLanguage":"es","potentialAction":[{"@type":"ReadAction","target":["https:\/\/premiosindigo.cl\/2021\/"]}]},{"@type":"BreadcrumbList","@id":"https:\/\/premiosindigo.cl\/2021\/#breadcrumb","itemListElement":[{"@type":"ListItem","position":1,"name":"Portada","item":"https:\/\/premiosindigo.cl\/2021\/"},{"@type":"ListItem","position":2,"name":"Home"}]}]}},"_links":{"self":[{"href":"https:\/\/premiosindigo.cl\/2021\/wp-json\/wp\/v2\/pages\/4"}],"collection":[{"href":"https:\/\/premiosindigo.cl\/2021\/wp-json\/wp\/v2\/pages"}],"about":[{"href":"https:\/\/premiosindigo.cl\/2021\/wp-json\/wp\/v2\/types\/page"}],"author":[{"embeddable":true,"href":"https:\/\/premiosindigo.cl\/2021\/wp-json\/wp\/v2\/users\/1"}],"replies":[{"embeddable":true,"href":"https:\/\/premiosindigo.cl\/2021\/wp-json\/wp\/v2\/comments?post=4"}],"version-history":[{"count":71,"href":"https:\/\/premiosindigo.cl\/2021\/wp-json\/wp\/v2\/pages\/4\/revisions"}],"predecessor-version":[{"id":4912,"href":"https:\/\/premiosindigo.cl\/2021\/wp-json\/wp\/v2\/pages\/4\/revisions\/4912"}],"wp:attachment":[{"href":"https:\/\/premiosindigo.cl\/2021\/wp-json\/wp\/v2\/media?parent=4"}],"curies":[{"name":"wp","href":"https:\/\/api.w.org\/{rel}","templated":true}]}}