{"id":4971,"date":"2025-09-10T17:44:14","date_gmt":"2025-09-10T20:44:14","guid":{"rendered":"https:\/\/premiosindigo.cl\/2025\/?page_id=4971"},"modified":"2025-09-10T17:47:14","modified_gmt":"2025-09-10T20:47:14","slug":"contacto","status":"publish","type":"page","link":"https:\/\/premiosindigo.cl\/2025\/contacto\/","title":{"rendered":"Contacto"},"content":{"rendered":"<div class=\"wpb-content-wrapper\"><p>[vc_row content_placement=\u00bbmiddle\u00bb iron_row_type=\u00bbfull_width\u00bb iron_remove_padding_medium=\u00bb\u00bb iron_remove_padding_small=\u00bb\u00bb iron_overlay_pattern=\u00bb\u00bb iron_parallax=\u00bb\u00bb iron_bg_video=\u00bbbg_video\u00bb css=\u00bb.vc_custom_1757342084257{padding-bottom: 3vh !important;background-image: url(https:\/\/premiosindigo.cl\/2025\/wp-content\/uploads\/2025\/09\/home_fondo-2025.png?id=4847) !important;}\u00bb el_class=\u00bbbg-align-right\u00bb iron_overlay_color=\u00bbrgba(0,0,0,0.3)\u00bb][vc_column width=\u00bb1\/6&#8243;][\/vc_column][vc_column width=\u00bb2\/3&#8243; css=\u00bb.vc_custom_1640360582130{margin-top: 20px !important;padding-right: 20px !important;padding-left: 20px !important;}\u00bb][vc_single_image image=\u00bb4852&#8243; img_size=\u00bbfull\u00bb alignment=\u00bbcenter\u00bb css_animation=\u00bbfadeInDownBig\u00bb css=\u00bb\u00bb img_fullwidth=\u00bb0&#8243;][vc_empty_space height=\u00bb50px\u00bb][\/vc_column][vc_column width=\u00bb1\/6&#8243;][\/vc_column][\/vc_row][vc_row iron_row_type=\u00bbfull_width\u00bb iron_remove_padding_medium=\u00bb\u00bb iron_remove_padding_small=\u00bb\u00bb iron_overlay_pattern=\u00bb\u00bb iron_parallax=\u00bb\u00bb iron_bg_video=\u00bb\u00bb iron_id=\u00bbcontacto\u00bb css=\u00bb.vc_custom_1757536957630{padding-right: 20px !important;padding-left: 20px !important;background-color: #2D205C !important;}\u00bb][vc_column][vc_empty_space height=\u00bb50px\u00bb][vc_custom_heading text=\u00bbC O N T A C T O\u00bb font_container=\u00bbtag:h3|font_size:42px|text_align:center|color:%23FFFFFF|line_height:47px\u00bb google_fonts=\u00bbfont_family:Lato%3A100%2C100italic%2C300%2C300italic%2Cregular%2Citalic%2C700%2C700italic%2C900%2C900italic|font_style:400%20regular%3A400%3Anormal\u00bb css=\u00bb.vc_custom_1757536990146{margin-bottom: -20px !important;}\u00bb fit_bg_text=\u00bb0&#8243; el_class=\u00bb.costumespacing0&#8243;][vc_empty_space height=\u00bb20px\u00bb][vc_column_text css=\u00bb\u00bb]<\/p>\n<p style=\"text-align: center;\">Si tienes alguna duda, puedes escribirnos a trav\u00e9s de este formulario.<\/p>\n<p>[\/vc_column_text][vc_empty_space height=\u00bb50px\u00bb]\t<div class=\"dividerwrap\" style=\"padding-top:px; padding-bottom:px;\">\r\n\t\t<div class=\"defaultdivider center\" style=\"background-color:rgb(255, 243, 74)\"><\/div>\r\n\t\t<div class=\"clear\"><\/div>\r\n\t<\/div>[vc_empty_space height=\u00bb15px\u00bb][\/vc_column][\/vc_row][vc_row content_placement=\u00bbmiddle\u00bb iron_row_type=\u00bbfull_width\u00bb iron_remove_padding_medium=\u00bb\u00bb iron_remove_padding_small=\u00bb\u00bb iron_overlay_pattern=\u00bb\u00bb iron_parallax=\u00bbparallax\u00bb iron_bg_video=\u00bb\u00bb css=\u00bb.vc_custom_1757536964195{padding-right: 20px !important;padding-left: 20px !important;background-color: #2D205C !important;}\u00bb][vc_column width=\u00bb1\/4&#8243;][\/vc_column][vc_column width=\u00bb1\/2&#8243;]\n<div class=\"wpcf7 no-js\" id=\"wpcf7-f4900-o1\" lang=\"es-ES\" dir=\"ltr\" data-wpcf7-id=\"4900\">\n<div class=\"screen-reader-response\"><p role=\"status\" aria-live=\"polite\" aria-atomic=\"true\"><\/p> <ul><\/ul><\/div>\n<form action=\"\/2025\/wp-json\/wp\/v2\/pages\/4971#wpcf7-f4900-o1\" method=\"post\" class=\"wpcf7-form init\" aria-label=\"Formulario de contacto\" novalidate=\"novalidate\" data-status=\"init\">\n<fieldset class=\"hidden-fields-container\"><input type=\"hidden\" name=\"_wpcf7\" value=\"4900\" \/><input type=\"hidden\" name=\"_wpcf7_version\" value=\"6.1.1\" \/><input type=\"hidden\" name=\"_wpcf7_locale\" value=\"es_ES\" \/><input type=\"hidden\" name=\"_wpcf7_unit_tag\" value=\"wpcf7-f4900-o1\" \/><input type=\"hidden\" name=\"_wpcf7_container_post\" value=\"0\" \/><input type=\"hidden\" name=\"_wpcf7_posted_data_hash\" value=\"\" \/><input type=\"hidden\" name=\"_wpcf7_recaptcha_response\" value=\"\" \/>\n<\/fieldset>\n<p><label><span style=\"color: #ffffff;\">Nombre*<br \/>\n<span class=\"wpcf7-form-control-wrap\" data-name=\"your-nombre\"><input size=\"40\" maxlength=\"400\" class=\"wpcf7-form-control wpcf7-text wpcf7-validates-as-required\" aria-required=\"true\" aria-invalid=\"false\" value=\"\" type=\"text\" name=\"your-nombre\" \/><\/span> <\/span><\/label>\n<\/p>\n<p><label><span style=\"color: #ffffff;\">Email*<br \/>\n<span class=\"wpcf7-form-control-wrap\" data-name=\"your-email\"><input size=\"40\" maxlength=\"400\" class=\"wpcf7-form-control wpcf7-email wpcf7-validates-as-required wpcf7-text wpcf7-validates-as-email\" aria-required=\"true\" aria-invalid=\"false\" value=\"\" type=\"email\" name=\"your-email\" \/><\/span> <\/span><\/label>\n<\/p>\n<p><label><span style=\"color: #ffffff;\">Asunto*<br \/>\n<span class=\"wpcf7-form-control-wrap\" data-name=\"your-asunto\"><input size=\"40\" maxlength=\"400\" class=\"wpcf7-form-control wpcf7-text wpcf7-validates-as-required\" aria-required=\"true\" aria-invalid=\"false\" value=\"\" type=\"text\" name=\"your-asunto\" \/><\/span> <\/span><\/label>\n<\/p>\n<p><label><span style=\"color: #ffffff;\">Mensaje*<br \/>\n<span class=\"wpcf7-form-control-wrap\" data-name=\"your-mensaje\"><textarea cols=\"40\" rows=\"10\" maxlength=\"2000\" class=\"wpcf7-form-control wpcf7-textarea wpcf7-validates-as-required\" aria-required=\"true\" aria-invalid=\"false\" name=\"your-mensaje\"><\/textarea><\/span> <\/span><\/label>\n<\/p>\n<p><label><span style=\"color: #ffffff;\">*Campos obligatorios<\/span><\/label>\n<\/p>\n<p><label><span style=\"color: #ffffff;\"><input class=\"wpcf7-form-control wpcf7-submit has-spinner\" type=\"submit\" value=\"Enviar\" \/><\/span><\/label>\n<\/p><div class=\"wpcf7-response-output\" aria-hidden=\"true\"><\/div>\n<\/form>\n<\/div>\n[vc_empty_space height=\u00bb20px\u00bb][\/vc_column][vc_column width=\u00bb1\/4&#8243;][\/vc_column][\/vc_row][vc_row iron_row_type=\u00bbfull_width\u00bb iron_remove_padding_medium=\u00bb\u00bb iron_remove_padding_small=\u00bb\u00bb iron_overlay_pattern=\u00bb\u00bb iron_parallax=\u00bb\u00bb iron_bg_video=\u00bb\u00bb iron_id=\u00bbsponsors\u00bb css=\u00bb.vc_custom_1757375919007{background-image: url(https:\/\/premiosindigo.cl\/2025\/wp-content\/uploads\/2025\/09\/home_fondo-2025.png?id=4847) !important;}\u00bb][vc_column][vc_single_image image=\u00bb4911&#8243; img_size=\u00bblarge\u00bb alignment=\u00bbcenter\u00bb css_animation=\u00bbnone\u00bb css=\u00bb\u00bb img_fullwidth=\u00bb0&#8243;][\/vc_column][\/vc_row]<\/p>\n<\/div>","protected":false},"excerpt":{"rendered":"<p>[vc_row content_placement=\u00bbmiddle\u00bb iron_row_type=\u00bbfull_width\u00bb iron_remove_padding_medium=\u00bb\u00bb iron_remove_padding_small=\u00bb\u00bb iron_overlay_pattern=\u00bb\u00bb iron_parallax=\u00bb\u00bb iron_bg_video=\u00bbbg_video\u00bb css=\u00bb.vc_custom_1757342084257{padding-bottom: 3vh !important;background-image: url(https:\/\/premiosindigo.cl\/2025\/wp-content\/uploads\/2025\/09\/home_fondo-2025.png?id=4847) !important;}\u00bb el_class=\u00bbbg-align-right\u00bb iron_overlay_color=\u00bbrgba(0,0,0,0.3)\u00bb][vc_column width=\u00bb1\/6&#8243;][\/vc_column][vc_column width=\u00bb2\/3&#8243; css=\u00bb.vc_custom_1640360582130{margin-top: 20px !important;padding-right: 20px !important;padding-left: 20px !important;}\u00bb][vc_single_image image=\u00bb4852&#8243; img_size=\u00bbfull\u00bb alignment=\u00bbcenter\u00bb css_animation=\u00bbfadeInDownBig\u00bb css=\u00bb\u00bb img_fullwidth=\u00bb0&#8243;][vc_empty_space height=\u00bb50px\u00bb][\/vc_column][vc_column width=\u00bb1\/6&#8243;][\/vc_column][\/vc_row][vc_row iron_row_type=\u00bbfull_width\u00bb iron_remove_padding_medium=\u00bb\u00bb iron_remove_padding_small=\u00bb\u00bb iron_overlay_pattern=\u00bb\u00bb iron_parallax=\u00bb\u00bb iron_bg_video=\u00bb\u00bb iron_id=\u00bbcontacto\u00bb css=\u00bb.vc_custom_1757536957630{padding-right: 20px !important;padding-left: 20px !important;background-color: #2D205C !important;}\u00bb][vc_column][vc_empty_space height=\u00bb50px\u00bb][vc_custom_heading text=\u00bbC O N T A C T O\u00bb font_container=\u00bbtag:h3|font_size:42px|text_align:center|color:%23FFFFFF|line_height:47px\u00bb google_fonts=\u00bbfont_family:Lato%3A100%2C100italic%2C300%2C300italic%2Cregular%2Citalic%2C700%2C700italic%2C900%2C900italic|font_style:400%20regular%3A400%3Anormal\u00bb css=\u00bb.vc_custom_1757536990146{margin-bottom: -20px !important;}\u00bb fit_bg_text=\u00bb0&#8243; el_class=\u00bb.costumespacing0&#8243;][vc_empty_space height=\u00bb20px\u00bb][vc_column_text css=\u00bb\u00bb] Si tienes alguna duda, puedes escribirnos a trav\u00e9s de este formulario. [\/vc_column_text][vc_empty_space height=\u00bb50px\u00bb][vc_empty_space height=\u00bb15px\u00bb][\/vc_column][\/vc_row][vc_row content_placement=\u00bbmiddle\u00bb iron_row_type=\u00bbfull_width\u00bb [&hellip;]<\/p>\n","protected":false},"author":1,"featured_media":0,"parent":0,"menu_order":0,"comment_status":"closed","ping_status":"closed","template":"","meta":{"_acf_changed":false,"footnotes":""},"class_list":["post-4971","page","type-page","status-publish","hentry"],"acf":[],"yoast_head":"<!-- This site is optimized with the Yoast SEO plugin v26.1.1 - https:\/\/yoast.com\/wordpress\/plugins\/seo\/ -->\n<title>V versi\u00f3n Premios Indigo 2025<\/title>\n<meta name=\"description\" content=\"Los premios \u00cdNDIGO son galardones de la M\u00fasica Independiente de Chile, organizados por IMICHILE. Su objetivo es promover la creaci\u00f3n...\" \/>\n<meta name=\"robots\" content=\"index, follow, max-snippet:-1, max-image-preview:large, max-video-preview:-1\" \/>\n<link rel=\"canonical\" href=\"https:\/\/premiosindigo.cl\/2025\/contacto\/\" \/>\n<meta property=\"og:locale\" content=\"es_ES\" \/>\n<meta property=\"og:type\" content=\"article\" \/>\n<meta property=\"og:title\" content=\"V versi\u00f3n Premios Indigo 2025\" \/>\n<meta property=\"og:description\" content=\"Los premios \u00cdNDIGO son galardones de la M\u00fasica Independiente de Chile, organizados por IMICHILE. Su objetivo es promover la creaci\u00f3n...\" \/>\n<meta property=\"og:url\" content=\"https:\/\/premiosindigo.cl\/2025\/contacto\/\" \/>\n<meta property=\"og:site_name\" content=\"Premios Indigo\" \/>\n<meta property=\"article:publisher\" content=\"http:\/\/www.facebook.com\/Premios-indigo\" \/>\n<meta property=\"article:modified_time\" content=\"2025-09-10T20:47:14+00:00\" \/>\n<meta property=\"og:image\" content=\"https:\/\/premiosindigo.cl\/2025\/wp-content\/uploads\/2025\/09\/afiche-indigo_2025-cuadrado.jpg\" \/>\n\t<meta property=\"og:image:width\" content=\"1080\" \/>\n\t<meta property=\"og:image:height\" content=\"1080\" \/>\n\t<meta property=\"og:image:type\" content=\"image\/jpeg\" \/>\n<meta name=\"twitter:card\" content=\"summary_large_image\" \/>\n<meta name=\"twitter:image\" content=\"https:\/\/premiosindigo.cl\/2025\/wp-content\/uploads\/2025\/09\/afiche-indigo_2025-cuadrado.jpg\" \/>\n<meta name=\"twitter:site\" content=\"@PremiosIndigo\" \/>\n<meta name=\"twitter:label1\" content=\"Tiempo de lectura\" \/>\n\t<meta name=\"twitter:data1\" content=\"1 minuto\" \/>\n<script type=\"application\/ld+json\" class=\"yoast-schema-graph\">{\"@context\":\"https:\/\/schema.org\",\"@graph\":[{\"@type\":\"WebPage\",\"@id\":\"https:\/\/premiosindigo.cl\/2025\/contacto\/\",\"url\":\"https:\/\/premiosindigo.cl\/2025\/contacto\/\",\"name\":\"V versi\u00f3n Premios Indigo 2025\",\"isPartOf\":{\"@id\":\"https:\/\/premiosindigo.cl\/2025\/#website\"},\"datePublished\":\"2025-09-10T20:44:14+00:00\",\"dateModified\":\"2025-09-10T20:47:14+00:00\",\"description\":\"Los premios \u00cdNDIGO son galardones de la M\u00fasica Independiente de Chile, organizados por IMICHILE. Su objetivo es promover la creaci\u00f3n...\",\"breadcrumb\":{\"@id\":\"https:\/\/premiosindigo.cl\/2025\/contacto\/#breadcrumb\"},\"inLanguage\":\"es\",\"potentialAction\":[{\"@type\":\"ReadAction\",\"target\":[\"https:\/\/premiosindigo.cl\/2025\/contacto\/\"]}]},{\"@type\":\"BreadcrumbList\",\"@id\":\"https:\/\/premiosindigo.cl\/2025\/contacto\/#breadcrumb\",\"itemListElement\":[{\"@type\":\"ListItem\",\"position\":1,\"name\":\"Portada\",\"item\":\"https:\/\/premiosindigo.cl\/2025\/\"},{\"@type\":\"ListItem\",\"position\":2,\"name\":\"Contacto\"}]},{\"@type\":\"WebSite\",\"@id\":\"https:\/\/premiosindigo.cl\/2025\/#website\",\"url\":\"https:\/\/premiosindigo.cl\/2025\/\",\"name\":\"Premios Indigo\",\"description\":\"V Edicion - diciembre 2025\",\"publisher\":{\"@id\":\"https:\/\/premiosindigo.cl\/2025\/#organization\"},\"potentialAction\":[{\"@type\":\"SearchAction\",\"target\":{\"@type\":\"EntryPoint\",\"urlTemplate\":\"https:\/\/premiosindigo.cl\/2025\/?s={search_term_string}\"},\"query-input\":{\"@type\":\"PropertyValueSpecification\",\"valueRequired\":true,\"valueName\":\"search_term_string\"}}],\"inLanguage\":\"es\"},{\"@type\":\"Organization\",\"@id\":\"https:\/\/premiosindigo.cl\/2025\/#organization\",\"name\":\"Premios Indigo\",\"url\":\"https:\/\/premiosindigo.cl\/2025\/\",\"logo\":{\"@type\":\"ImageObject\",\"inLanguage\":\"es\",\"@id\":\"https:\/\/premiosindigo.cl\/2025\/#\/schema\/logo\/image\/\",\"url\":\"https:\/\/premiosindigo.cl\/2025\/wp-content\/uploads\/2025\/09\/logo-indigo_2025.png\",\"contentUrl\":\"https:\/\/premiosindigo.cl\/2025\/wp-content\/uploads\/2025\/09\/logo-indigo_2025.png\",\"width\":475,\"height\":218,\"caption\":\"Premios Indigo\"},\"image\":{\"@id\":\"https:\/\/premiosindigo.cl\/2025\/#\/schema\/logo\/image\/\"},\"sameAs\":[\"http:\/\/www.facebook.com\/Premios-indigo\",\"https:\/\/x.com\/PremiosIndigo\",\"http:\/\/www.instagram.com\/premiosindigo\/\",\"http:\/\/www.youtube.com\/channel\/UCUUl9vhAHZnxsYGhfo-vPjg\"]}]}<\/script>\n<!-- \/ Yoast SEO plugin. -->","yoast_head_json":{"title":"V versi\u00f3n Premios Indigo 2025","description":"Los premios \u00cdNDIGO son galardones de la M\u00fasica Independiente de Chile, organizados por IMICHILE. Su objetivo es promover la creaci\u00f3n...","robots":{"index":"index","follow":"follow","max-snippet":"max-snippet:-1","max-image-preview":"max-image-preview:large","max-video-preview":"max-video-preview:-1"},"canonical":"https:\/\/premiosindigo.cl\/2025\/contacto\/","og_locale":"es_ES","og_type":"article","og_title":"V versi\u00f3n Premios Indigo 2025","og_description":"Los premios \u00cdNDIGO son galardones de la M\u00fasica Independiente de Chile, organizados por IMICHILE. Su objetivo es promover la creaci\u00f3n...","og_url":"https:\/\/premiosindigo.cl\/2025\/contacto\/","og_site_name":"Premios Indigo","article_publisher":"http:\/\/www.facebook.com\/Premios-indigo","article_modified_time":"2025-09-10T20:47:14+00:00","og_image":[{"width":1080,"height":1080,"url":"https:\/\/premiosindigo.cl\/2025\/wp-content\/uploads\/2025\/09\/afiche-indigo_2025-cuadrado.jpg","type":"image\/jpeg"}],"twitter_card":"summary_large_image","twitter_image":"https:\/\/premiosindigo.cl\/2025\/wp-content\/uploads\/2025\/09\/afiche-indigo_2025-cuadrado.jpg","twitter_site":"@PremiosIndigo","twitter_misc":{"Tiempo de lectura":"1 minuto"},"schema":{"@context":"https:\/\/schema.org","@graph":[{"@type":"WebPage","@id":"https:\/\/premiosindigo.cl\/2025\/contacto\/","url":"https:\/\/premiosindigo.cl\/2025\/contacto\/","name":"V versi\u00f3n Premios Indigo 2025","isPartOf":{"@id":"https:\/\/premiosindigo.cl\/2025\/#website"},"datePublished":"2025-09-10T20:44:14+00:00","dateModified":"2025-09-10T20:47:14+00:00","description":"Los premios \u00cdNDIGO son galardones de la M\u00fasica Independiente de Chile, organizados por IMICHILE. Su objetivo es promover la creaci\u00f3n...","breadcrumb":{"@id":"https:\/\/premiosindigo.cl\/2025\/contacto\/#breadcrumb"},"inLanguage":"es","potentialAction":[{"@type":"ReadAction","target":["https:\/\/premiosindigo.cl\/2025\/contacto\/"]}]},{"@type":"BreadcrumbList","@id":"https:\/\/premiosindigo.cl\/2025\/contacto\/#breadcrumb","itemListElement":[{"@type":"ListItem","position":1,"name":"Portada","item":"https:\/\/premiosindigo.cl\/2025\/"},{"@type":"ListItem","position":2,"name":"Contacto"}]},{"@type":"WebSite","@id":"https:\/\/premiosindigo.cl\/2025\/#website","url":"https:\/\/premiosindigo.cl\/2025\/","name":"Premios Indigo","description":"V Edicion - diciembre 2025","publisher":{"@id":"https:\/\/premiosindigo.cl\/2025\/#organization"},"potentialAction":[{"@type":"SearchAction","target":{"@type":"EntryPoint","urlTemplate":"https:\/\/premiosindigo.cl\/2025\/?s={search_term_string}"},"query-input":{"@type":"PropertyValueSpecification","valueRequired":true,"valueName":"search_term_string"}}],"inLanguage":"es"},{"@type":"Organization","@id":"https:\/\/premiosindigo.cl\/2025\/#organization","name":"Premios Indigo","url":"https:\/\/premiosindigo.cl\/2025\/","logo":{"@type":"ImageObject","inLanguage":"es","@id":"https:\/\/premiosindigo.cl\/2025\/#\/schema\/logo\/image\/","url":"https:\/\/premiosindigo.cl\/2025\/wp-content\/uploads\/2025\/09\/logo-indigo_2025.png","contentUrl":"https:\/\/premiosindigo.cl\/2025\/wp-content\/uploads\/2025\/09\/logo-indigo_2025.png","width":475,"height":218,"caption":"Premios Indigo"},"image":{"@id":"https:\/\/premiosindigo.cl\/2025\/#\/schema\/logo\/image\/"},"sameAs":["http:\/\/www.facebook.com\/Premios-indigo","https:\/\/x.com\/PremiosIndigo","http:\/\/www.instagram.com\/premiosindigo\/","http:\/\/www.youtube.com\/channel\/UCUUl9vhAHZnxsYGhfo-vPjg"]}]}},"_links":{"self":[{"href":"https:\/\/premiosindigo.cl\/2025\/wp-json\/wp\/v2\/pages\/4971","targetHints":{"allow":["GET"]}}],"collection":[{"href":"https:\/\/premiosindigo.cl\/2025\/wp-json\/wp\/v2\/pages"}],"about":[{"href":"https:\/\/premiosindigo.cl\/2025\/wp-json\/wp\/v2\/types\/page"}],"author":[{"embeddable":true,"href":"https:\/\/premiosindigo.cl\/2025\/wp-json\/wp\/v2\/users\/1"}],"replies":[{"embeddable":true,"href":"https:\/\/premiosindigo.cl\/2025\/wp-json\/wp\/v2\/comments?post=4971"}],"version-history":[{"count":4,"href":"https:\/\/premiosindigo.cl\/2025\/wp-json\/wp\/v2\/pages\/4971\/revisions"}],"predecessor-version":[{"id":4975,"href":"https:\/\/premiosindigo.cl\/2025\/wp-json\/wp\/v2\/pages\/4971\/revisions\/4975"}],"wp:attachment":[{"href":"https:\/\/premiosindigo.cl\/2025\/wp-json\/wp\/v2\/media?parent=4971"}],"curies":[{"name":"wp","href":"https:\/\/api.w.org\/{rel}","templated":true}]}}